{"id":118,"date":"2025-10-07T20:43:47","date_gmt":"2025-10-07T19:43:47","guid":{"rendered":"https:\/\/markoblockspresents.hu\/?page_id=118"},"modified":"2025-10-07T21:01:00","modified_gmt":"2025-10-07T20:01:00","slug":"best-threes","status":"publish","type":"page","link":"https:\/\/markoblockspresents.hu\/index.php\/best-threes\/","title":{"rendered":"Best Threes"},"content":{"rendered":"\t\t<div data-elementor-type=\"wp-page\" data-elementor-id=\"118\" class=\"elementor elementor-118\">\n\t\t\t\t<div class=\"elementor-element elementor-element-a356289 e-flex e-con-boxed e-con e-parent\" data-id=\"a356289\" data-element_type=\"container\">\n\t\t\t\t\t<div class=\"e-con-inner\">\n\t\t\t\t<div class=\"elementor-element elementor-element-d2f4678 elementor-widget elementor-widget-text-editor\" data-id=\"d2f4678\" data-element_type=\"widget\" data-widget_type=\"text-editor.default\">\n\t\t\t\t\t\t\t\t\t<p><span style=\"font-size: inherit;\"><img alt=\"\" fetchpriority=\"high\" decoding=\"async\" class=\"size-medium wp-image-131 alignleft\" src=\"https:\/\/markoblockspresents.hu\/wp-content\/uploads\/2025\/10\/Best_Threes-212x300.jpg\" alt=\"\" width=\"212\" height=\"300\" srcset=\"https:\/\/markoblockspresents.hu\/wp-content\/uploads\/2025\/10\/Best_Threes-212x300.jpg 212w, https:\/\/markoblockspresents.hu\/wp-content\/uploads\/2025\/10\/Best_Threes-724x1024.jpg 724w, https:\/\/markoblockspresents.hu\/wp-content\/uploads\/2025\/10\/Best_Threes-768x1086.jpg 768w, https:\/\/markoblockspresents.hu\/wp-content\/uploads\/2025\/10\/Best_Threes-1086x1536.jpg 1086w, https:\/\/markoblockspresents.hu\/wp-content\/uploads\/2025\/10\/Best_Threes-106x150.jpg 106w, https:\/\/markoblockspresents.hu\/wp-content\/uploads\/2025\/10\/Best_Threes.jpg 1448w\" sizes=\"(max-width: 212px) 100vw, 212px\" \/><\/span><\/p><p><span style=\"font-size: inherit;\">Amikor a profik elbuknak, \u00e9s m\u00e1r kialudt a rem\u00e9ny, sz\u00ednre l\u00e9p\u00a0<\/span><span style=\"font-size: inherit;\">a K\u00f6zpont list\u00e1j\u00e1nak legalj\u00e1n szerepl\u0151 Best Threes csapata, akik\u00a0<\/span><span style=\"font-size: inherit;\">esetlenked\u00e9s\u00fckkel \u00e9s a kezd\u0151k szerencs\u00e9j\u00e9vel v\u00e9g\u00fcl kiszabad\u00edtj\u00e1k a t\u00faszokat, \u00e9s\u00a0<\/span><span style=\"font-size: inherit;\">kiiktatj\u00e1k a t\u00faszejt\u0151ket.\u00a0<\/span><\/p><p>2024 nyar\u00e1n az oszt\u00e1lyt\u00e1rsaimmal \u00e9s bar\u00e1taimmal forgattunk egy akci\u00f3-v\u00edgj\u00e1t\u00e9kot az iskol\u00e1nkban, a Vecs\u00e9si Andr\u00e1ssy Gyula \u00c1ltal\u00e1nos Iskol\u00e1ban. (Ez\u00faton is k\u00f6sz\u00f6net Veszpr\u00e9mi Kl\u00e1ra igazgat\u00f3n\u0151nek, hogy enged\u00e9lyezte a forgat\u00e1st, valamint Horv\u00e1thn\u00e9 Gyurcs\u00e1n Erik\u00e1nak, az oszt\u00e1lyf\u0151n\u00f6k\u00fcnknek, hogy v\u00e9gig jelen volt a forgat\u00e1son, \u00e9s m\u00e9g szerepet is v\u00e1llalt a filmben.)<\/p><div style=\"overflow-wrap: break-word; margin-top: 0.5em; margin-inline: 0px;\"><div dir=\"auto\"><div style=\"color: #080809; font-family: inherit; white-space-collapse: preserve;\"><p dir=\"auto\">A t\u00f6rt\u00e9netben h\u00e1rom botcsin\u00e1lta titkos \u00fcgyn\u00f6k sz\u00e1ll szembe az emberrabl\u00f3kkal, miut\u00e1n a profik elbuktak.<\/p><\/div><div dir=\"auto\">Az emberrabl\u00f3k t\u00faszul ejtenek egy csapatnyi di\u00e1kot, hogy emberkeresked\u0151knek adj\u00e1k el \u0151ket. K\u00fcl\u00f6nb\u00f6z\u0151 elit alakulatok \u00e9rkeznek a fogs\u00e1gba esettek megseg\u00edt\u00e9s\u00e9re, azonban mind kudarcot vallanak. Nem marad m\u00e1s v\u00e1laszt\u00e1s: a Best Threes csapat\u00e1t kell h\u00edvj\u00e1k. A hangzatos n\u00e9v m\u00f6g\u00f6tt h\u00e1rom fiatalember \u00e1ll, akik \u00e9pp elind\u00edtott\u00e1k titkos \u00fcgyn\u00f6ki v\u00e1llalkoz\u00e1sukat. A csapat leg\u00e9rettebb tagja sem rendelkezik ezir\u00e1ny\u00fa tapasztalattal, h\u00e1t m\u00e9g a t\u00f6bbiek, csup\u00e1n a filmek ihlette vil\u00e1g tetszett meg a fiataloknak.<\/div><div dir=\"auto\">\u00dcgyetlens\u00e9g\u00fck sz\u00e1mtalan vicces helyzetet \u00e9s v\u00e1ratlan fordulatot eredm\u00e9nyez, \u00e9s tal\u00e1n \u00e9pp emiatt szeg\u0151dik mell\u00e9j\u00fck a szerencse mind a maffi\u00e1val, mind az emberrabl\u00f3k csapat\u00e1val szemben.<\/div><div dir=\"auto\">De vajon t\u00fal\u00e9lik-e a v\u00e1rtn\u00e1l komolyabbra fordul\u00f3 kalandot, \u00e9s siker\u00fcl-e megmenteni a t\u00faszokat?<\/div><div dir=\"auto\">N\u00e9zd meg a filmet, \u00e9s nevess te is a fi\u00fak sz\u00f3rakoztat\u00f3 aranyk\u00f6p\u00e9sein, szerethet\u0151 csetl\u00e9sein-botl\u00e1sain, hogy megl\u00e1ssuk, fel tudnak-e n\u0151ni a sr\u00e1cok a profik sz\u00e1m\u00e1ra is lehetetlennek bizonyul\u00f3 k\u00fcldet\u00e9shez.<\/div><p style=\"color: #080809; font-family: inherit; white-space-collapse: preserve;\"><span style=\"font-family: inherit; font-size: inherit;\">A filmet az al\u00e1bbi linken tekinthetitek meg:<\/span><\/p><p><iframe title=\"Best Threes teljes film\" width=\"800\" height=\"450\" src=\"https:\/\/www.youtube.com\/embed\/vZB3w4uVtn8?feature=oembed\" frameborder=\"0\" allow=\"accelerometer; autoplay; clipboard-write; encrypted-media; gyroscope; picture-in-picture; web-share\" referrerpolicy=\"strict-origin-when-cross-origin\" allowfullscreen><\/iframe><\/p><p><a href=\"https:\/\/youtu.be\/vZB3w4uVtn8?si=lJ0BvIfZjgytjzI9\">https:\/\/youtu.be\/vZB3w4uVtn8?si=lJ0BvIfZjgytjzI9<\/a><\/p><p><span style=\"color: #080809; font-family: Segoe UI Historic, Segoe UI, Helvetica, Arial, sans-serif;\"><span style=\"white-space-collapse: preserve;\">\u00cdgy k\u00e9sz\u00fclt a Best Threes:<\/span><\/span><\/p><p><iframe title=\"Best Threes WERK film\" width=\"800\" height=\"450\" src=\"https:\/\/www.youtube.com\/embed\/6hpntdg5-xI?feature=oembed\" frameborder=\"0\" allow=\"accelerometer; autoplay; clipboard-write; encrypted-media; gyroscope; picture-in-picture; web-share\" referrerpolicy=\"strict-origin-when-cross-origin\" allowfullscreen><\/iframe><\/p><p><a href=\"https:\/\/youtu.be\/6hpntdg5-xI?si=JWs5pq7C18a1HHS2\">https:\/\/youtu.be\/6hpntdg5-xI?si=JWs5pq7C18a1HHS2<\/a><\/p><p><span style=\"color: #080809; font-family: Segoe UI Historic, Segoe UI, Helvetica, Arial, sans-serif;\"><span style=\"white-space-collapse: preserve;\">\u00a0<\/span><\/span><span style=\"color: #080809; font-family: Segoe UI Historic, Segoe UI, Helvetica, Arial, sans-serif;\"><span style=\"white-space-collapse: preserve;\">A film el\u0151zetese:<\/span><\/span><\/p><p><iframe title=\"Best Threes el\u0151zetes\" width=\"800\" height=\"450\" src=\"https:\/\/www.youtube.com\/embed\/AHdyEdk-5Ns?feature=oembed\" frameborder=\"0\" allow=\"accelerometer; autoplay; clipboard-write; encrypted-media; gyroscope; picture-in-picture; web-share\" referrerpolicy=\"strict-origin-when-cross-origin\" allowfullscreen><\/iframe><\/p><p><a href=\"https:\/\/youtu.be\/AHdyEdk-5Ns?si=gqkXHGS3eF5FFvcS\">https:\/\/youtu.be\/AHdyEdk-5Ns?si=gqkXHGS3eF5FFvcS<\/a><\/p><\/div><\/div>\t\t\t\t\t\t\t\t<\/div>\n\t\t\t\t\t<\/div>\n\t\t\t\t<\/div>\n\t\t\t\t<\/div>\n\t\t","protected":false},"excerpt":{"rendered":"<p>Amikor a profik elbuknak, \u00e9s m\u00e1r kialudt a rem\u00e9ny, sz\u00ednre l\u00e9p\u00a0a K\u00f6zpont list\u00e1j\u00e1nak legalj\u00e1n szerepl\u0151 Best Threes csapata, akik\u00a0esetlenked\u00e9s\u00fckkel \u00e9s a kezd\u0151k szerencs\u00e9j\u00e9vel v\u00e9g\u00fcl kiszabad\u00edtj\u00e1k a t\u00faszokat, \u00e9s\u00a0kiiktatj\u00e1k a t\u00faszejt\u0151ket.\u00a0 2024 nyar\u00e1n az oszt\u00e1lyt\u00e1rsaimmal \u00e9s bar\u00e1taimmal forgattunk egy akci\u00f3-v\u00edgj\u00e1t\u00e9kot az iskol\u00e1nkban, a Vecs\u00e9si Andr\u00e1ssy Gyula \u00c1ltal\u00e1nos Iskol\u00e1ban. (Ez\u00faton is k\u00f6sz\u00f6net&#8230; <a class=\"continue-reading-link\" href=\"https:\/\/markoblockspresents.hu\/index.php\/best-threes\/\"> Continue reading <span class=\"meta-nav\">&rarr; <\/span><\/a><\/p>\n","protected":false},"author":1,"featured_media":0,"parent":0,"menu_order":0,"comment_status":"closed","ping_status":"closed","template":"","meta":{"_seopress_robots_primary_cat":"","_seopress_titles_title":"","_seopress_titles_desc":"","_seopress_robots_index":"","footnotes":""},"class_list":["post-118","page","type-page","status-publish","hentry"],"_links":{"self":[{"href":"https:\/\/markoblockspresents.hu\/index.php\/wp-json\/wp\/v2\/pages\/118","targetHints":{"allow":["GET"]}}],"collection":[{"href":"https:\/\/markoblockspresents.hu\/index.php\/wp-json\/wp\/v2\/pages"}],"about":[{"href":"https:\/\/markoblockspresents.hu\/index.php\/wp-json\/wp\/v2\/types\/page"}],"author":[{"embeddable":true,"href":"https:\/\/markoblockspresents.hu\/index.php\/wp-json\/wp\/v2\/users\/1"}],"replies":[{"embeddable":true,"href":"https:\/\/markoblockspresents.hu\/index.php\/wp-json\/wp\/v2\/comments?post=118"}],"version-history":[{"count":25,"href":"https:\/\/markoblockspresents.hu\/index.php\/wp-json\/wp\/v2\/pages\/118\/revisions"}],"predecessor-version":[{"id":158,"href":"https:\/\/markoblockspresents.hu\/index.php\/wp-json\/wp\/v2\/pages\/118\/revisions\/158"}],"wp:attachment":[{"href":"https:\/\/markoblockspresents.hu\/index.php\/wp-json\/wp\/v2\/media?parent=118"}],"curies":[{"name":"wp","href":"https:\/\/api.w.org\/{rel}","templated":true}]}}