{"id":2,"date":"2025-09-19T18:22:26","date_gmt":"2025-09-19T18:22:26","guid":{"rendered":"https:\/\/markoblockspresents.hu\/?page_id=2"},"modified":"2025-09-19T19:52:13","modified_gmt":"2025-09-19T19:52:13","slug":"sample-page","status":"publish","type":"page","link":"https:\/\/markoblockspresents.hu\/index.php\/sample-page\/","title":{"rendered":"El\u00e9rhet\u0151s\u00e9gek"},"content":{"rendered":"\t\t<div data-elementor-type=\"wp-page\" data-elementor-id=\"2\" class=\"elementor elementor-2\">\n\t\t\t\t<div class=\"elementor-element elementor-element-15f120c2 e-flex e-con-boxed e-con e-parent\" data-id=\"15f120c2\" data-element_type=\"container\">\n\t\t\t\t\t<div class=\"e-con-inner\">\n\t\t\t\t<div class=\"elementor-element elementor-element-3c4523be elementor-widget elementor-widget-text-editor\" data-id=\"3c4523be\" data-element_type=\"widget\" data-widget_type=\"text-editor.default\">\n\t\t\t\t\t\t\t\t\t\n<p>Ha szeretn\u00e9l \u00e9rtes\u00fclni a leg\u00fajabb munk\u00e1imr\u00f3l, k\u00f6vesd a MarkoBlocks kreat\u00edv vil\u00e1ga Facebook oldalam:<\/p>\n\n<p><a href=\"https:\/\/www.facebook.com\/MarkoBlocks\">Facebook<\/a><\/p>\n\n<blockquote class=\"wp-block-quote is-layout-flow wp-block-quote-is-layout-flow\">\n<p>Filmjeimet a YouTube csatorn\u00e1mon tal\u00e1lod:<\/p>\n\n<p><a href=\"https:\/\/www.youtube.com\/@MarkoBlocksPresents\/videos\">MarkoBlocks Presents &#8211; YouTube<\/a><\/p>\n<\/blockquote>\n\n<p>Amennyiben sz\u00edvesen venn\u00e9l r\u00e9szt a k\u00f6vetkez\u0151 filmemben vagy t\u00e1mogatn\u00e1d munk\u00e1ss\u00e1gomat, vedd fel vel\u00fcnk a kapcsolatot:<\/p>\n\n<p>Keresztesi M\u00e1rk: hello@markoblocks.hu<\/p>\n\n<p>Bar\u00e1th Gabriella: barathgabriella@gmail.com<\/p>\n\n<p>Tel: +36 70 624 64 85<\/p>\n\t\t\t\t\t\t\t\t<\/div>\n\t\t\t\t\t<\/div>\n\t\t\t\t<\/div>\n\t\t\t\t<\/div>\n\t\t","protected":false},"excerpt":{"rendered":"<p>Ha szeretn\u00e9l \u00e9rtes\u00fclni a leg\u00fajabb munk\u00e1imr\u00f3l, k\u00f6vesd a MarkoBlocks kreat\u00edv vil\u00e1ga Facebook oldalam: Facebook Filmjeimet a YouTube csatorn\u00e1mon tal\u00e1lod: MarkoBlocks Presents &#8211; YouTube Amennyiben sz\u00edvesen venn\u00e9l r\u00e9szt a k\u00f6vetkez\u0151 filmemben vagy t\u00e1mogatn\u00e1d munk\u00e1ss\u00e1gomat, vedd fel vel\u00fcnk a kapcsolatot: Keresztesi M\u00e1rk: hello@markoblocks.hu Bar\u00e1th Gabriella: barathgabriella@gmail.com Tel: +36 70 624 64 85<\/p>\n","protected":false},"author":1,"featured_media":0,"parent":0,"menu_order":0,"comment_status":"closed","ping_status":"open","template":"","meta":{"_seopress_robots_primary_cat":"","_seopress_titles_title":"","_seopress_titles_desc":"","_seopress_robots_index":"","footnotes":""},"class_list":["post-2","page","type-page","status-publish","hentry"],"_links":{"self":[{"href":"https:\/\/markoblockspresents.hu\/index.php\/wp-json\/wp\/v2\/pages\/2","targetHints":{"allow":["GET"]}}],"collection":[{"href":"https:\/\/markoblockspresents.hu\/index.php\/wp-json\/wp\/v2\/pages"}],"about":[{"href":"https:\/\/markoblockspresents.hu\/index.php\/wp-json\/wp\/v2\/types\/page"}],"author":[{"embeddable":true,"href":"https:\/\/markoblockspresents.hu\/index.php\/wp-json\/wp\/v2\/users\/1"}],"replies":[{"embeddable":true,"href":"https:\/\/markoblockspresents.hu\/index.php\/wp-json\/wp\/v2\/comments?post=2"}],"version-history":[{"count":4,"href":"https:\/\/markoblockspresents.hu\/index.php\/wp-json\/wp\/v2\/pages\/2\/revisions"}],"predecessor-version":[{"id":48,"href":"https:\/\/markoblockspresents.hu\/index.php\/wp-json\/wp\/v2\/pages\/2\/revisions\/48"}],"wp:attachment":[{"href":"https:\/\/markoblockspresents.hu\/index.php\/wp-json\/wp\/v2\/media?parent=2"}],"curies":[{"name":"wp","href":"https:\/\/api.w.org\/{rel}","templated":true}]}}