{"id":9,"date":"2025-09-19T18:35:37","date_gmt":"2025-09-19T18:35:37","guid":{"rendered":"https:\/\/markoblockspresents.hu\/?page_id=9"},"modified":"2025-10-07T20:35:13","modified_gmt":"2025-10-07T19:35:13","slug":"rolam","status":"publish","type":"page","link":"https:\/\/markoblockspresents.hu\/","title":{"rendered":"R\u00f3lam"},"content":{"rendered":"\t\t<div data-elementor-type=\"wp-page\" data-elementor-id=\"9\" class=\"elementor elementor-9\">\n\t\t\t\t<div class=\"elementor-element elementor-element-ad85261 e-flex e-con-boxed e-con e-parent\" data-id=\"ad85261\" data-element_type=\"container\">\n\t\t\t\t\t<div class=\"e-con-inner\">\n\t\t<div class=\"elementor-element elementor-element-643fb4f e-con-full e-flex e-con e-child\" data-id=\"643fb4f\" data-element_type=\"container\">\n\t\t\t\t<div class=\"elementor-element elementor-element-540d493 elementor-widget elementor-widget-image\" data-id=\"540d493\" data-element_type=\"widget\" data-widget_type=\"image.default\">\n\t\t\t\t\t\t\t\t\t\t\t\t\t\t\t<img alt=\"\" fetchpriority=\"high\" decoding=\"async\" width=\"800\" height=\"798\" src=\"https:\/\/markoblockspresents.hu\/wp-content\/uploads\/2025\/09\/profil.jpg\" class=\"attachment-large size-large wp-image-22\" alt=\"\" srcset=\"https:\/\/markoblockspresents.hu\/wp-content\/uploads\/2025\/09\/profil.jpg 960w, https:\/\/markoblockspresents.hu\/wp-content\/uploads\/2025\/09\/profil-300x300.jpg 300w, https:\/\/markoblockspresents.hu\/wp-content\/uploads\/2025\/09\/profil-150x150.jpg 150w, https:\/\/markoblockspresents.hu\/wp-content\/uploads\/2025\/09\/profil-768x766.jpg 768w\" sizes=\"(max-width: 800px) 100vw, 800px\" \/>\t\t\t\t\t\t\t\t\t\t\t\t\t\t\t<\/div>\n\t\t\t\t<\/div>\n\t\t\t\t\t<\/div>\n\t\t\t\t<\/div>\n\t\t<div class=\"elementor-element elementor-element-097d8d5 e-flex e-con-boxed e-con e-parent\" data-id=\"097d8d5\" data-element_type=\"container\">\n\t\t\t\t\t<div class=\"e-con-inner\">\n\t\t\t\t<div class=\"elementor-element elementor-element-6bda358 elementor-widget elementor-widget-text-editor\" data-id=\"6bda358\" data-element_type=\"widget\" data-widget_type=\"text-editor.default\">\n\t\t\t\t\t\t\t\t\t<p>Szeretettel k\u00f6sz\u00f6ntelek a weboldalamon!<\/p><p>N\u00e9h\u00e1ny mondatban szeretn\u00e9k bemutatkozni nektek.<\/p><p>2009 november\u00e9ben sz\u00fclettem, \u00e9s\u00e9desany\u00e1m szerint m\u00e1r eg\u00e9szen kicsi koromban megnyilv\u00e1nult a kreativit\u00e1som. Nagyon szerettem az Angry Birds mes\u00e9t, de keveseltem a karaktereket, \u00edgy m\u00e1r ovis koromban saj\u00e1t Angry Birds figur\u00e1kat k\u00e9sz\u00edtettem, \u00e9s azokkal j\u00e1tszottam. Anya mindig megdics\u00e9rte a kreativit\u00e1somat, az \u00f6tleteimet, ami\u00e9rt \u00edgy ut\u00f3lag dupl\u00e1n h\u00e1l\u00e1s vagyok, hisz ezek adtak hitet \u00e9s er\u0151t, hogy merjek \u00fajabb \u00e9s \u00fajabb \u00f6tletekkel el\u0151\u00e1llni, alkotni.<\/p><p>A LEGO vil\u00e1ga mag\u00e1val ragadott engem is, mint a legt\u00f6bb hasonl\u00f3 kor\u00fa gyereket. Ki\u00e1ll\u00edt\u00e1sokra \u00e9s versenyekre is j\u00e1rtam &#8211; ez\u00faton is k\u00f6sz\u00f6net a t\u00e1mogat\u00e1s\u00e9rt a Brickmasons LEGO Users Groupnak.<\/p><p>Ahogy n\u0151ttem, az \u00e9rdekl\u0151d\u00e9sem k\u00f6z\u00e9ppontj\u00e1ba a t\u00e1rsasj\u00e1t\u00e9kok ker\u00fcltek &#8211; olyannyira, hogy t\u00f6bb t\u00e1rsasj\u00e1t\u00e9kot is k\u00e9sz\u00edtettem. Ezek k\u00f6z\u00fcl az egyiket anya biztat\u00e1s\u00e1ra ki is adtuk Az ismeretlenben c\u00edmmel. (Saj\u00e1t laptopot szerettem volna, \u00e9s anya arra biztatott, hogy gy\u0171jtsem \u00f6ssze a p\u00e9nzt r\u00e1 a t\u00e1rsasj\u00e1t\u00e9kom elad\u00e1s\u00e1b\u00f3l. V\u00e9g\u00fcl siker\u00fclt is &#8211; h\u00e1la a t\u00e1rsasj\u00e1t\u00e9kom ir\u00e1nt \u00e9rdekl\u0151d\u0151knek \u00e9s az Union Biztos\u00edt\u00f3nak, akik 100 ezer forintos adom\u00e1nyukkal nagyban hozz\u00e1j\u00e1rultak a saj\u00e1t laptopom megv\u00e1s\u00e1rl\u00e1s\u00e1hoz.)<\/p><p>Egy ny\u00e1ri t\u00e1bornak k\u00f6sz\u00f6nhet\u0151en megismerkedtem a vide\u00f3z\u00e1s vil\u00e1g\u00e1val, \u00e9s azonnal beleszerettem.<\/p><p>A k\u00f6vetkez\u0151 \u00e9vben pedig el is k\u00e9sz\u00edtettem az els\u0151 filmemet: a Megfigyelve c\u00edm\u0171 filmet. K\u00e9t bar\u00e1tom, \u00c1kos \u00e9s Bence \u00e1tj\u00f6tt hozz\u00e1nk egy h\u00e9tv\u00e9g\u00e9re, \u00e9s po\u00e9nb\u00f3l k\u00e9sz\u00edtett\u00fcnk egy filmet; ez lett a Megfigyelve. A filmet p\u00e9ntek est\u00e9t\u0151l vas\u00e1rnap d\u00e9lut\u00e1nig forgattuk &#8211; sok esetben \u00e9jszak\u00e1ba ny\u00fal\u00f3an, \u00e9s annyira bele\u00e9lt\u00fck magunkat a t\u00f6rt\u00e9netbe, hogy szerintem ett\u0151l lett igaz\u00e1n j\u00f3. Az alak\u00edt\u00e1sunk azt hiszem, \u00e9leth\u0171. Ahol megijedt\u00fcnk, ott t\u00e9nyleg megijedt\u00fcnk, \u00e9s persze rengeteget nevett\u00fcnk forgat\u00e1s k\u00f6zben.<\/p><p>\u00d6sszess\u00e9g\u00e9ben \u00fagy \u00e9rezt\u00fck, ez nagyon j\u00f3 buli volt, ez az \u00e9lm\u00e9ny &#8211; \u00e9s a fejl\u0151d\u00e9s ig\u00e9nye &#8211; h\u00edvta \u00e9letre a k\u00f6vetkez\u0151 filmemet, a Best Threest, melyet a k\u00f6vetkez\u0151 ny\u00e1ron, 2024-ben forgattunk.\u00a0<\/p><p>Kalandos volt a forgat\u00e1s, j\u00faliusban szerett\u00fcnk volna forgatni, de a nyaral\u00e1sunk alatt tudtuk meg, hogy j\u00fanius v\u00e9g\u00e9n kapjuk meg csak az iskol\u00e1t&#8230; A nyaral\u00e1sunk \u00edgy azzal telt, hogy Horv\u00e1torsz\u00e1gb\u00f3l pr\u00f3b\u00e1ltunk mindent megszervezni, \u00e9s m\u00e9g a tengerparton is a forgat\u00f3k\u00f6nyv\u00f6n dolgoztam.<\/p><p>3 napunk volt a filmet leforgatni, ami igen r\u00f6vid id\u0151nek bizonyult, hisz legal\u00e1bb egy h\u00e9t, de ink\u00e1bb 10 nap kellett volna hozz\u00e1, ett\u0151l f\u00fcggetlen\u00fcl sz\u00e1mtalan vicces pillanattal lett\u00fcnk gazdagabbak.<\/p><p>Ezt a filmet m\u00e1r az Edius vide\u00f3v\u00e1g\u00f3 programmal k\u00e9sz\u00edtettem. Akkor tanultam a programot, \u00edgy dupla kaland volt ez sz\u00e1momra. A filmpremierre 2024. szeptember 27-\u00e9n ker\u00fclt sor a B\u00e1lint \u00c1gnes Kultur\u00e1lis K\u00f6zpontban.<\/p><p>Ugyancsak 2024-ben p\u00e1ly\u00e1ztam a Nemzet Fiatal Tehets\u00e9gei\u00e9rt \u00d6szt\u00f6nd\u00edjprogramra is, \u00e9s t\u00e1mogat\u00e1sra m\u00e9lt\u00f3nak tal\u00e1lt\u00e1k a p\u00e1ly\u00e1zatomat. 880 ezer forintot kaptam, melyb\u0151l egy vide\u00f3v\u00e1g\u00e1sra alkalmas sz\u00e1m\u00edt\u00f3g\u00e9pet v\u00e1s\u00e1roltam. Ezen a g\u00e9pen v\u00e1gtam meg a Stalker Projectet is.<\/p><p>A Stalker Project forgat\u00f3k\u00f6nyv\u00e9t kb. egy \u00e9vig \u00edrtam, de maga az \u00f6tlet m\u00e1r kb. 2 \u00e9ve megsz\u00fcletett.<\/p><p>Azt hiszem, igen izgalmasra sikeredett. A forgat\u00e1st 2025 m\u00e1jus\u00e1ban kezdt\u00fck \u00e9s augusztusban fejezt\u00fck be. Rengeteg munka van benne, b\u00edzom benne, hogy nektek is tetszeni fog majd a film.<\/p><p>Helysz\u00edn\u00fcl az egykori cukorgy\u00e1rat v\u00e1lasztottuk Ercsiben &#8211; Moln\u00e1r L\u00e1szl\u00f3 J\u00f3zsef \u00e9s az 1912 Airsoft Operation Center felaj\u00e1nl\u00e1s\u00e1nak k\u00f6sz\u00f6nhet\u0151en.<\/p><p>Azt hiszem, enn\u00e9l t\u00f6k\u00e9letesebb helysz\u00ednt nem is v\u00e1laszthattam volna ehhez a filmhez.<\/p><p>Minden munk\u00e1mat (filmek, anim\u00e1ci\u00f3) &#8211; a k\u00f6nyveket \u00e9s t\u00e1rsasj\u00e1t\u00e9kokat kiv\u00e9ve &#8211; megtal\u00e1lj\u00e1tok a YouTube csatorn\u00e1mon:<\/p><p><a href=\"https:\/\/www.youtube.com\/@MarkoBlocksPresents\/videos\">MarkoBlocks Presents &#8211; YouTube<\/a>\u00a0<\/p><p>Ahogy fent m\u00e1r utaltam r\u00e1, k\u00f6nyveket is \u00edrtam. Eddig csak A sz\u00e1zezer bolyg\u00f3 jelent meg &#8222;h\u00e1zi kiad\u00e1sban&#8221;. Ez a k\u00f6nyv Attil\u00e1r\u00f3l sz\u00f3l, aki mint kider\u00fcl, szuperer\u0151vel rendelkezik.<\/p><p>A bar\u00e1taival sz\u00e1mtalan izgalmas kalandon kereszt\u00fcl v\u00e9g\u00fcl megmentik a vil\u00e1got.<\/p><p>A k\u00f6nyv \u00edr\u00e1sa sor\u00e1n m\u00e9g csak 10-11 \u00e9ves voltam, \u00edgy maga a c\u00e9lcsoport is a 10-13 \u00e9ves koroszt\u00e1ly.<\/p><p>Tov\u00e1bbi k\u00f6nyveim m\u00e1r sokkal &#8222;feln\u0151ttesebb&#8221; t\u00e9m\u00e1kat boncolgatnak, de a Stalker Project forgat\u00f3k\u00f6nyve el\u0151nyt \u00e9lvezett, \u00edgy ezek m\u00e9g f\u00e9lk\u00e9szen hevernek a virtu\u00e1lis fi\u00f3komban, csak\u00fagy, mint t\u00f6bb forgat\u00f3k\u00f6nyv v\u00e1zlat is.\u00a0<\/p><p>Csal\u00e1dom kedvence A Hold \u00e1rny\u00e9k\u00e1ban, \u00edgy azt hiszem, azt mindenk\u00e9pp be kell fejeznem&#8230;<\/p><p>Ha pedig t\u00e9ged is \u00e9rdekel a sz\u00edn\u00e9szked\u00e9s, \u00e9s lenne kedved szerepelni egy filmemben, keress b\u00e1tran, mindig keresek \u00faj szerepl\u0151ket.<\/p><p>K\u00f6sz\u00f6n\u00f6m, hogy v\u00e9gigolvastad, \u00e9s k\u00e9rlek l\u00e1togass el YouTube csatorn\u00e1mra is.<\/p><p>\u00a0<\/p>\t\t\t\t\t\t\t\t<\/div>\n\t\t\t\t\t<\/div>\n\t\t\t\t<\/div>\n\t\t\t\t<\/div>\n\t\t","protected":false},"excerpt":{"rendered":"<p>Szeretettel k\u00f6sz\u00f6ntelek a weboldalamon! N\u00e9h\u00e1ny mondatban szeretn\u00e9k bemutatkozni nektek. 2009 november\u00e9ben sz\u00fclettem, \u00e9s\u00e9desany\u00e1m szerint m\u00e1r eg\u00e9szen kicsi koromban megnyilv\u00e1nult a kreativit\u00e1som. Nagyon szerettem az Angry Birds mes\u00e9t, de keveseltem a karaktereket, \u00edgy m\u00e1r ovis koromban saj\u00e1t Angry Birds figur\u00e1kat k\u00e9sz\u00edtettem, \u00e9s azokkal j\u00e1tszottam. Anya mindig megdics\u00e9rte a kreativit\u00e1somat, az \u00f6tleteimet,&#8230; <a class=\"continue-reading-link\" href=\"https:\/\/markoblockspresents.hu\/\"> Continue reading <span class=\"meta-nav\">&rarr; <\/span><\/a><\/p>\n","protected":false},"author":1,"featured_media":0,"parent":0,"menu_order":0,"comment_status":"closed","ping_status":"closed","template":"","meta":{"_seopress_robots_primary_cat":"","_seopress_titles_title":"","_seopress_titles_desc":"","_seopress_robots_index":"","footnotes":""},"class_list":["post-9","page","type-page","status-publish","hentry"],"_links":{"self":[{"href":"https:\/\/markoblockspresents.hu\/index.php\/wp-json\/wp\/v2\/pages\/9","targetHints":{"allow":["GET"]}}],"collection":[{"href":"https:\/\/markoblockspresents.hu\/index.php\/wp-json\/wp\/v2\/pages"}],"about":[{"href":"https:\/\/markoblockspresents.hu\/index.php\/wp-json\/wp\/v2\/types\/page"}],"author":[{"embeddable":true,"href":"https:\/\/markoblockspresents.hu\/index.php\/wp-json\/wp\/v2\/users\/1"}],"replies":[{"embeddable":true,"href":"https:\/\/markoblockspresents.hu\/index.php\/wp-json\/wp\/v2\/comments?post=9"}],"version-history":[{"count":30,"href":"https:\/\/markoblockspresents.hu\/index.php\/wp-json\/wp\/v2\/pages\/9\/revisions"}],"predecessor-version":[{"id":117,"href":"https:\/\/markoblockspresents.hu\/index.php\/wp-json\/wp\/v2\/pages\/9\/revisions\/117"}],"wp:attachment":[{"href":"https:\/\/markoblockspresents.hu\/index.php\/wp-json\/wp\/v2\/media?parent=9"}],"curies":[{"name":"wp","href":"https:\/\/api.w.org\/{rel}","templated":true}]}}